{"id":30,"date":"2023-11-12T23:55:49","date_gmt":"2023-11-12T21:55:49","guid":{"rendered":"https:\/\/pokk.fi\/sv\/?page_id=30"},"modified":"2024-04-17T22:15:54","modified_gmt":"2024-04-17T19:15:54","slug":"framsida","status":"publish","type":"page","link":"https:\/\/pokk.fi\/sv\/","title":{"rendered":"Framsida"},"content":{"rendered":"\n<p class=\"has-medium-font-size\">Porkala Kryssarklubb \u00e4r grundad 1977 och d\u00e4rmed den \u00e4ldsta b\u00e5tklubben som \u00e4r verksamhet i Kyrksl\u00e4tt. Ursprungligen hette klubben Kyrksl\u00e4tts Navigationsklubb rf och fr\u00e5n denna har med tiden utvecklats en aktiv b\u00e5tklubb som \u00e4r medlem s\u00e5v\u00e4l i f\u00f6rbundet Segling och B\u00e5tsport i Finland.<\/p>\n\n\n\n<p class=\"has-medium-font-size\">F\u00f6reningen har ca 100 medlemmar och de besiktigade b\u00e5tarna \u00e4r ca 50 till antalet. B\u00e5tanas hemhamnar befinner ssig p\u00e5 olika h\u00e5ll i kommunen men den st\u00f6rsta koncentrationen \u00e4r i Lonlo. Linlo Marina rf beviljar b\u00e5tplatserna och sk\u00f6ter administrationen av dessa.<\/p>\n\n\n\n<div class=\"wp-block-buttons is-layout-flex wp-block-buttons-is-layout-flex\">\n<div class=\"wp-block-button\"><a class=\"wp-block-button__link wp-element-button\" href=\"https:\/\/spv.fi\/sv\/framsidan\/\" target=\"_blank\" rel=\"noreferrer noopener\">Segling och B\u00e5tsport f\u00f6rbundet i Finland<\/a><\/div>\n<\/div>\n\n\n\n<div class=\"wp-block-buttons is-layout-flex wp-block-buttons-is-layout-flex\">\n<div class=\"wp-block-button\"><a class=\"wp-block-button__link wp-element-button\" href=\"http:\/\/linlomarina.fi\/\" target=\"_blank\" rel=\"noreferrer noopener\">Linlo Marina rf<\/a><\/div>\n<\/div>\n\n\n\n<div class=\"wp-block-group alignfull has-background\" style=\"background-color:#e5e9ec\"><div class=\"wp-block-group__inner-container is-layout-flow wp-block-group-is-layout-flow\">\n<div class=\"wp-block-columns is-layout-flex wp-container-core-columns-is-layout-1 wp-block-columns-is-layout-flex\">\n<div class=\"wp-block-column is-vertically-aligned-center is-layout-flow wp-block-column-is-layout-flow\">\n<h2 class=\"wp-block-heading has-theme-palette-9-color has-text-color has-background has-larger-font-size\" style=\"background-color:#b0002f\">Aktiviteter<\/h2>\n\n\n\n<p>Porkala Kryssarklubb rf \u00e4ger Arvsk\u00e4rs\u00f6basen i Ing\u00e5 sk\u00e4rg\u00e5rd. \u00d6basen ligger l\u00e4ngs Olympiav\u00e4yl\u00e4 vid T-kummeli (N 59\u00b0 55.415&#8242; E 23\u00b0 54.060&#8242;) p\u00e5 ett avst\u00e5nd av cirka 20 km fr\u00e5n kommunens sm\u00e5b\u00e5tshamnar (Porkkala, Linlo, Kantvik). V\u00e5r \u00f6bas har en brygga, bojar, s\u00e4ckar, ett borrh\u00e5l, en bastu och en badbrygga, ett uthus och en komposterings skrek.<\/p>\n\n\n\n<p>Porkala Kryssarklubb erbjuder sina medlemmar b\u00e5tbesiktning, utbildningar och informationsevenemang samt rolig samvaro.<\/p>\n\n\n\n<div class=\"wp-block-buttons is-horizontal is-content-justification-left is-layout-flex wp-container-core-buttons-is-layout-3 wp-block-buttons-is-layout-flex\">\n<div class=\"wp-block-button is-style-outline is-style-outline--1\"><a class=\"wp-block-button__link wp-element-button\" href=\"https:\/\/pokk.fi\/sv\/framsida\/arvskar\/\">Arvsk\u00e4r<\/a><\/div>\n<\/div>\n\n\n\n<p><\/p>\n<\/div>\n\n\n\n<div class=\"wp-block-column is-layout-flow wp-block-column-is-layout-flow\">\n<div style=\"height:48px\" aria-hidden=\"true\" class=\"wp-block-spacer\"><\/div>\n\n\n\n<figure class=\"wp-block-image size-large\"><img loading=\"lazy\" decoding=\"async\" width=\"1024\" height=\"576\" src=\"https:\/\/pokk.fi\/sv\/wp-content\/uploads\/sites\/2\/2023\/11\/Veneita-1024x576.jpg\" alt=\"\" class=\"wp-image-94\" srcset=\"https:\/\/pokk.fi\/sv\/wp-content\/uploads\/sites\/2\/2023\/11\/Veneita-1024x576.jpg 1024w, https:\/\/pokk.fi\/sv\/wp-content\/uploads\/sites\/2\/2023\/11\/Veneita-300x169.jpg 300w, https:\/\/pokk.fi\/sv\/wp-content\/uploads\/sites\/2\/2023\/11\/Veneita-768x432.jpg 768w, https:\/\/pokk.fi\/sv\/wp-content\/uploads\/sites\/2\/2023\/11\/Veneita-1536x864.jpg 1536w, https:\/\/pokk.fi\/sv\/wp-content\/uploads\/sites\/2\/2023\/11\/Veneita-206x116.jpg 206w, https:\/\/pokk.fi\/sv\/wp-content\/uploads\/sites\/2\/2023\/11\/Veneita.jpg 2048w\" sizes=\"auto, (max-width: 1024px) 100vw, 1024px\" \/><\/figure>\n<\/div>\n<\/div>\n<\/div><\/div>\n\n\n\n<div class=\"wp-block-group alignfull\"><div class=\"wp-block-group__inner-container is-layout-flow wp-block-group-is-layout-flow\">\n<div class=\"wp-block-columns are-vertically-aligned-center is-layout-flex wp-container-core-columns-is-layout-2 wp-block-columns-is-layout-flex\">\n<div class=\"wp-block-column is-vertically-aligned-center is-layout-flow wp-block-column-is-layout-flow\">\n<div style=\"height:48px\" aria-hidden=\"true\" class=\"wp-block-spacer\"><\/div>\n\n\n\n<figure class=\"wp-block-image size-large\"><img loading=\"lazy\" decoding=\"async\" width=\"1024\" height=\"768\" src=\"https:\/\/pokk.fi\/sv\/wp-content\/uploads\/sites\/2\/2023\/11\/lyhtyja-1024x768.jpg\" alt=\"\" class=\"wp-image-96\" srcset=\"https:\/\/pokk.fi\/sv\/wp-content\/uploads\/sites\/2\/2023\/11\/lyhtyja-1024x768.jpg 1024w, https:\/\/pokk.fi\/sv\/wp-content\/uploads\/sites\/2\/2023\/11\/lyhtyja-300x225.jpg 300w, https:\/\/pokk.fi\/sv\/wp-content\/uploads\/sites\/2\/2023\/11\/lyhtyja-768x576.jpg 768w, https:\/\/pokk.fi\/sv\/wp-content\/uploads\/sites\/2\/2023\/11\/lyhtyja-1536x1152.jpg 1536w, https:\/\/pokk.fi\/sv\/wp-content\/uploads\/sites\/2\/2023\/11\/lyhtyja-155x116.jpg 155w, https:\/\/pokk.fi\/sv\/wp-content\/uploads\/sites\/2\/2023\/11\/lyhtyja.jpg 2048w\" sizes=\"auto, (max-width: 1024px) 100vw, 1024px\" \/><\/figure>\n<\/div>\n\n\n\n<div class=\"wp-block-column is-vertically-aligned-center is-layout-flow wp-block-column-is-layout-flow\" style=\"padding-right:var(--wp--preset--spacing--30);padding-left:var(--wp--preset--spacing--30)\">\n<h2 class=\"wp-block-heading has-background has-larger-font-size\" style=\"background-color:#aeecff\">Aktuellt<\/h2>\n\n\n<ul style=\"padding-right:var(--wp--preset--spacing--30);padding-left:var(--wp--preset--spacing--30);\" class=\"wp-block-latest-posts__list has-dates wp-block-latest-posts\"><li><a class=\"wp-block-latest-posts__post-title\" href=\"https:\/\/pokk.fi\/sv\/2026\/04\/13\/arsbatsbesiktning-2026\/\">\u00c5rsb\u00e5tsbesiktning 2026<\/a><time datetime=\"2026-04-13T14:21:05+03:00\" class=\"wp-block-latest-posts__post-date\">13.4.2026<\/time><div class=\"wp-block-latest-posts__post-excerpt\">De \u00e5rliga b\u00e5tbesiktningarna 2026 \u00e4r 25.5 och 15.6 med start kl. 18.00. Besiktningen kan utf\u00f6ras antingen i Linlo eller Kantvik. Du m\u00e5ste anm\u00e4la dig till besiktningen i f\u00f6rv\u00e4g genom att mejla katsastus@pokk.fi.<\/div><\/li>\n<li><a class=\"wp-block-latest-posts__post-title\" href=\"https:\/\/pokk.fi\/sv\/2026\/04\/13\/arvskars-vartalko-2026\/\">Arvsk\u00e4rs v\u00e5rtalko 2026<\/a><time datetime=\"2026-04-13T14:14:21+03:00\" class=\"wp-block-latest-posts__post-date\">13.4.2026<\/time><div class=\"wp-block-latest-posts__post-excerpt\">Det \u00e4r den tiden p\u00e5 \u00e5ret igen n\u00e4r Arvsk\u00e4r g\u00f6r sig redo f\u00f6r sommaren och klubbens medlemmar f\u00e5r umg\u00e5s med varandra! Kom du ocks\u00e5! Samtalen h\u00e5lls l\u00f6rdagen den 23.5 med start kl. 9:00. V\u00e4nligen anm\u00e4l ditt deltagande i f\u00f6rv\u00e4g p\u00e5 minna.saranpaa@outlook.com senast m\u00e5ndagen den 18.5.<\/div><\/li>\n<li><a class=\"wp-block-latest-posts__post-title\" href=\"https:\/\/pokk.fi\/sv\/2024\/03\/21\/arsbatsbesiktning-2024\/\">\u00c5rsb\u00e5tsbesiktning 2024<\/a><time datetime=\"2024-03-21T18:48:23+02:00\" class=\"wp-block-latest-posts__post-date\">21.3.2024<\/time><div class=\"wp-block-latest-posts__post-excerpt\">&#8211;Besiktning 1 &#8211; Linlo och Kantvik 27.5. fr\u00e5n kl 18.00 -Beskitning 2 &#8211; Linlo och Kantvik 17.6. fr\u00e5n kl 18.00<\/div><\/li>\n<li><a class=\"wp-block-latest-posts__post-title\" href=\"https:\/\/pokk.fi\/sv\/2024\/03\/21\/vartalko-pa-arvskar-2024\/\">V\u00e5rtalko p\u00e5 Arvsk\u00e4r 2024<\/a><time datetime=\"2024-03-21T13:43:11+02:00\" class=\"wp-block-latest-posts__post-date\">21.3.2024<\/time><div class=\"wp-block-latest-posts__post-excerpt\">V\u00e5rtalko p\u00e5 Arvsk\u00e4r kommer igen den 25.5. V\u00e4lkommen med!Kom ih\u00e5g att meddela ditt deltagande i f\u00f6rv\u00e4g!<\/div><\/li>\n<\/ul>\n\n\n<div class=\"wp-block-buttons is-layout-flex wp-block-buttons-is-layout-flex\">\n<div class=\"wp-block-button is-style-outline is-style-outline--2\"><a class=\"wp-block-button__link wp-element-button\" href=\"https:\/\/pokk.fi\/sv\/aktuellt\">Alla aktuellt<\/a><\/div>\n<\/div>\n<\/div>\n<\/div>\n<\/div><\/div>\n\n\n\n<div class=\"wp-block-group alignfull has-theme-palette-3-color has-theme-palette-1-background-color has-text-color has-background\"><div class=\"wp-block-group__inner-container is-layout-flow wp-block-group-is-layout-flow\">\n<h2 class=\"wp-block-heading has-text-align-center has-theme-palette-9-color has-text-color\">Gallerie<\/h2>\n\n\n\n<figure class=\"wp-block-gallery aligncenter has-nested-images columns-default is-cropped wp-block-gallery-3 is-layout-flex wp-block-gallery-is-layout-flex\">\n<figure class=\"wp-block-image size-full\"><img loading=\"lazy\" decoding=\"async\" width=\"2048\" height=\"1790\" src=\"https:\/\/pokk.fi\/sv\/wp-content\/uploads\/sites\/2\/2023\/11\/porkkalan_majakka.jpg\" alt=\"\" class=\"wp-image-97\" srcset=\"https:\/\/pokk.fi\/sv\/wp-content\/uploads\/sites\/2\/2023\/11\/porkkalan_majakka.jpg 2048w, https:\/\/pokk.fi\/sv\/wp-content\/uploads\/sites\/2\/2023\/11\/porkkalan_majakka-300x262.jpg 300w, https:\/\/pokk.fi\/sv\/wp-content\/uploads\/sites\/2\/2023\/11\/porkkalan_majakka-1024x895.jpg 1024w, https:\/\/pokk.fi\/sv\/wp-content\/uploads\/sites\/2\/2023\/11\/porkkalan_majakka-768x671.jpg 768w, https:\/\/pokk.fi\/sv\/wp-content\/uploads\/sites\/2\/2023\/11\/porkkalan_majakka-1536x1343.jpg 1536w, https:\/\/pokk.fi\/sv\/wp-content\/uploads\/sites\/2\/2023\/11\/porkkalan_majakka-133x116.jpg 133w\" sizes=\"auto, (max-width: 2048px) 100vw, 2048px\" \/><\/figure>\n\n\n\n<figure class=\"wp-block-image size-full\"><img loading=\"lazy\" decoding=\"async\" width=\"1536\" height=\"2048\" src=\"https:\/\/pokk.fi\/sv\/wp-content\/uploads\/sites\/2\/2023\/11\/lauttailija.jpg\" alt=\"\" class=\"wp-image-95\" srcset=\"https:\/\/pokk.fi\/sv\/wp-content\/uploads\/sites\/2\/2023\/11\/lauttailija.jpg 1536w, https:\/\/pokk.fi\/sv\/wp-content\/uploads\/sites\/2\/2023\/11\/lauttailija-225x300.jpg 225w, https:\/\/pokk.fi\/sv\/wp-content\/uploads\/sites\/2\/2023\/11\/lauttailija-768x1024.jpg 768w, https:\/\/pokk.fi\/sv\/wp-content\/uploads\/sites\/2\/2023\/11\/lauttailija-1152x1536.jpg 1152w, https:\/\/pokk.fi\/sv\/wp-content\/uploads\/sites\/2\/2023\/11\/lauttailija-87x116.jpg 87w\" sizes=\"auto, (max-width: 1536px) 100vw, 1536px\" \/><\/figure>\n\n\n\n<figure class=\"wp-block-image size-full\"><img loading=\"lazy\" decoding=\"async\" width=\"2048\" height=\"1152\" src=\"https:\/\/pokk.fi\/sv\/wp-content\/uploads\/sites\/2\/2023\/11\/Veneita.jpg\" alt=\"\" class=\"wp-image-94\" srcset=\"https:\/\/pokk.fi\/sv\/wp-content\/uploads\/sites\/2\/2023\/11\/Veneita.jpg 2048w, https:\/\/pokk.fi\/sv\/wp-content\/uploads\/sites\/2\/2023\/11\/Veneita-300x169.jpg 300w, https:\/\/pokk.fi\/sv\/wp-content\/uploads\/sites\/2\/2023\/11\/Veneita-1024x576.jpg 1024w, https:\/\/pokk.fi\/sv\/wp-content\/uploads\/sites\/2\/2023\/11\/Veneita-768x432.jpg 768w, https:\/\/pokk.fi\/sv\/wp-content\/uploads\/sites\/2\/2023\/11\/Veneita-1536x864.jpg 1536w, https:\/\/pokk.fi\/sv\/wp-content\/uploads\/sites\/2\/2023\/11\/Veneita-206x116.jpg 206w\" sizes=\"auto, (max-width: 2048px) 100vw, 2048px\" \/><\/figure>\n\n\n\n<figure class=\"wp-block-image size-full\"><img loading=\"lazy\" decoding=\"async\" width=\"2048\" height=\"1536\" src=\"https:\/\/pokk.fi\/sv\/wp-content\/uploads\/sites\/2\/2023\/11\/arvskar_mokki1.jpg\" alt=\"\" class=\"wp-image-92\" srcset=\"https:\/\/pokk.fi\/sv\/wp-content\/uploads\/sites\/2\/2023\/11\/arvskar_mokki1.jpg 2048w, https:\/\/pokk.fi\/sv\/wp-content\/uploads\/sites\/2\/2023\/11\/arvskar_mokki1-300x225.jpg 300w, https:\/\/pokk.fi\/sv\/wp-content\/uploads\/sites\/2\/2023\/11\/arvskar_mokki1-1024x768.jpg 1024w, https:\/\/pokk.fi\/sv\/wp-content\/uploads\/sites\/2\/2023\/11\/arvskar_mokki1-768x576.jpg 768w, https:\/\/pokk.fi\/sv\/wp-content\/uploads\/sites\/2\/2023\/11\/arvskar_mokki1-1536x1152.jpg 1536w, https:\/\/pokk.fi\/sv\/wp-content\/uploads\/sites\/2\/2023\/11\/arvskar_mokki1-155x116.jpg 155w\" sizes=\"auto, (max-width: 2048px) 100vw, 2048px\" \/><\/figure>\n\n\n\n<figure class=\"wp-block-image size-full\"><img loading=\"lazy\" decoding=\"async\" width=\"2048\" height=\"1536\" src=\"https:\/\/pokk.fi\/sv\/wp-content\/uploads\/sites\/2\/2023\/11\/lyhtyja.jpg\" alt=\"\" class=\"wp-image-96\" srcset=\"https:\/\/pokk.fi\/sv\/wp-content\/uploads\/sites\/2\/2023\/11\/lyhtyja.jpg 2048w, https:\/\/pokk.fi\/sv\/wp-content\/uploads\/sites\/2\/2023\/11\/lyhtyja-300x225.jpg 300w, https:\/\/pokk.fi\/sv\/wp-content\/uploads\/sites\/2\/2023\/11\/lyhtyja-1024x768.jpg 1024w, https:\/\/pokk.fi\/sv\/wp-content\/uploads\/sites\/2\/2023\/11\/lyhtyja-768x576.jpg 768w, https:\/\/pokk.fi\/sv\/wp-content\/uploads\/sites\/2\/2023\/11\/lyhtyja-1536x1152.jpg 1536w, https:\/\/pokk.fi\/sv\/wp-content\/uploads\/sites\/2\/2023\/11\/lyhtyja-155x116.jpg 155w\" sizes=\"auto, (max-width: 2048px) 100vw, 2048px\" \/><\/figure>\n\n\n\n<figure class=\"wp-block-image size-large\"><img loading=\"lazy\" decoding=\"async\" width=\"576\" height=\"1024\" src=\"https:\/\/pokk.fi\/sv\/wp-content\/uploads\/sites\/2\/2023\/11\/sailing-576x1024.jpg\" alt=\"\" class=\"wp-image-114\" srcset=\"https:\/\/pokk.fi\/sv\/wp-content\/uploads\/sites\/2\/2023\/11\/sailing-576x1024.jpg 576w, https:\/\/pokk.fi\/sv\/wp-content\/uploads\/sites\/2\/2023\/11\/sailing-169x300.jpg 169w, https:\/\/pokk.fi\/sv\/wp-content\/uploads\/sites\/2\/2023\/11\/sailing-768x1365.jpg 768w, https:\/\/pokk.fi\/sv\/wp-content\/uploads\/sites\/2\/2023\/11\/sailing-864x1536.jpg 864w, https:\/\/pokk.fi\/sv\/wp-content\/uploads\/sites\/2\/2023\/11\/sailing-65x116.jpg 65w, https:\/\/pokk.fi\/sv\/wp-content\/uploads\/sites\/2\/2023\/11\/sailing.jpg 1152w\" sizes=\"auto, (max-width: 576px) 100vw, 576px\" \/><\/figure>\n<\/figure>\n<\/div><\/div>\n\n\n\n<div class=\"wp-block-cover alignfull is-position-center-center\" style=\"min-height:375px;aspect-ratio:unset;\"><span aria-hidden=\"true\" class=\"wp-block-cover__background has-black-background-color has-background-dim-40 has-background-dim\"><\/span><img loading=\"lazy\" decoding=\"async\" width=\"1152\" height=\"2048\" class=\"wp-block-cover__image-background wp-image-114\" alt=\"\" src=\"https:\/\/pokk.fi\/sv\/wp-content\/uploads\/sites\/2\/2023\/11\/sailing.jpg\" style=\"object-position:50% 50%\" data-object-fit=\"cover\" data-object-position=\"50% 50%\" srcset=\"https:\/\/pokk.fi\/sv\/wp-content\/uploads\/sites\/2\/2023\/11\/sailing.jpg 1152w, https:\/\/pokk.fi\/sv\/wp-content\/uploads\/sites\/2\/2023\/11\/sailing-169x300.jpg 169w, https:\/\/pokk.fi\/sv\/wp-content\/uploads\/sites\/2\/2023\/11\/sailing-576x1024.jpg 576w, https:\/\/pokk.fi\/sv\/wp-content\/uploads\/sites\/2\/2023\/11\/sailing-768x1365.jpg 768w, https:\/\/pokk.fi\/sv\/wp-content\/uploads\/sites\/2\/2023\/11\/sailing-864x1536.jpg 864w, https:\/\/pokk.fi\/sv\/wp-content\/uploads\/sites\/2\/2023\/11\/sailing-65x116.jpg 65w\" sizes=\"auto, (max-width: 1152px) 100vw, 1152px\" \/><div class=\"wp-block-cover__inner-container is-layout-flow wp-block-cover-is-layout-flow\">\n<p class=\"has-text-align-center has-text-color has-huge-font-size\" style=\"color:#fffffa;line-height:1.1\">Ta kontakt<\/p>\n\n\n\n<p class=\"has-text-align-center has-theme-palette-9-color has-text-color\">Vill du kontakta oss om n\u00e5got?<\/p>\n\n\n\n<div class=\"wp-block-buttons is-horizontal is-content-justification-center is-layout-flex wp-container-core-buttons-is-layout-5 wp-block-buttons-is-layout-flex\">\n<div class=\"wp-block-button is-style-outline is-style-outline--4\"><a class=\"wp-block-button__link has-white-color has-text-color wp-element-button\" href=\"https:\/\/pokk.fi\/sv\/framsida\/ta-kontakt\/\">Ta kontakt<\/a><\/div>\n<\/div>\n<\/div><\/div>\n","protected":false},"excerpt":{"rendered":"<p>Porkala Kryssarklubb \u00e4r grundad 1977 och d\u00e4rmed den \u00e4ldsta b\u00e5tklubben som \u00e4r verksamhet i Kyrksl\u00e4tt. Ursprungligen hette klubben Kyrksl\u00e4tts Navigationsklubb rf och fr\u00e5n denna har med tiden utvecklats en aktiv b\u00e5tklubb som \u00e4r medlem s\u00e5v\u00e4l i f\u00f6rbundet Segling och B\u00e5tsport i Finland. F\u00f6reningen har ca 100 medlemmar och de besiktigade b\u00e5tarna \u00e4r ca 50 till&#8230;<\/p>\n","protected":false},"author":1,"featured_media":97,"parent":0,"menu_order":0,"comment_status":"closed","ping_status":"closed","template":"","meta":{"_kad_post_transparent":"","_kad_post_title":"","_kad_post_layout":"","_kad_post_sidebar_id":"","_kad_post_content_style":"","_kad_post_vertical_padding":"","_kad_post_feature":"","_kad_post_feature_position":"","_kad_post_header":false,"_kad_post_footer":false,"_kad_post_classname":"","footnotes":""},"class_list":["post-30","page","type-page","status-publish","has-post-thumbnail","hentry"],"_links":{"self":[{"href":"https:\/\/pokk.fi\/sv\/wp-json\/wp\/v2\/pages\/30","targetHints":{"allow":["GET"]}}],"collection":[{"href":"https:\/\/pokk.fi\/sv\/wp-json\/wp\/v2\/pages"}],"about":[{"href":"https:\/\/pokk.fi\/sv\/wp-json\/wp\/v2\/types\/page"}],"author":[{"embeddable":true,"href":"https:\/\/pokk.fi\/sv\/wp-json\/wp\/v2\/users\/1"}],"replies":[{"embeddable":true,"href":"https:\/\/pokk.fi\/sv\/wp-json\/wp\/v2\/comments?post=30"}],"version-history":[{"count":21,"href":"https:\/\/pokk.fi\/sv\/wp-json\/wp\/v2\/pages\/30\/revisions"}],"predecessor-version":[{"id":159,"href":"https:\/\/pokk.fi\/sv\/wp-json\/wp\/v2\/pages\/30\/revisions\/159"}],"wp:featuredmedia":[{"embeddable":true,"href":"https:\/\/pokk.fi\/sv\/wp-json\/wp\/v2\/media\/97"}],"wp:attachment":[{"href":"https:\/\/pokk.fi\/sv\/wp-json\/wp\/v2\/media?parent=30"}],"curies":[{"name":"wp","href":"https:\/\/api.w.org\/{rel}","templated":true}]}}