{"id":50,"date":"2023-11-13T12:18:21","date_gmt":"2023-11-13T10:18:21","guid":{"rendered":"https:\/\/pokk.fi\/sv\/?page_id=50"},"modified":"2024-02-21T22:41:22","modified_gmt":"2024-02-21T20:41:22","slug":"bli-medlem","status":"publish","type":"page","link":"https:\/\/pokk.fi\/sv\/framsida\/bli-medlem\/","title":{"rendered":"Bli medlem"},"content":{"rendered":"\n<p class=\"has-medium-font-size\"><strong>Ordinaire medlem:<\/strong> F\u00f6reeningens styrelse kan som ordinarie medlem godk\u00e4nna en person som har genomg\u00e5tt en examen godk\u00e4nd av Finlands Navigationsf\u00f6rbund eller en motsvarande examen eller har tillr\u00e4cklig och omfattande navigationskunskap.<\/p>\n\n\n\n<p class=\"has-medium-font-size\"><strong>Familjemedlem:<\/strong> Skepparens familjemedlem kan ans\u00f6ka om familjemedlemskap eller om man vill underst\u00f6da f\u00f6reningens verksamhet. Av familjenmedlemmar debiteras inte anslutningsavgift.<\/p>\n\n\n\n<p class=\"has-medium-font-size\">POK medlemsskapet omfattar b\u00e5tens besiktningsavgift, medlemskap i f\u00f6rbundet Segling och B\u00e5tsport i Finland samt f\u00f6rbundets medlemstidning Nautic.<\/p>\n\n\n\n<p class=\"has-medium-font-size\">Alla medlemmer har r\u00f6str\u00e4tt men endast ordinarie medlemmar \u00e4r valbara till f\u00f6reningens styrelse. Nyttjander\u00e4tt till f\u00f6reningens etapphamn (Arvsk\u00e4r) kan beviljas endast till ordinarie medlem samt dennas b\u00e5tlag.<\/p>\n\n\n\n<figure class=\"wp-block-table\"><table><thead><tr><th>Avgifter<\/th><th><\/th><th>Ytterligare information<\/th><\/tr><\/thead><tbody><tr><td>Anslutningsavgift<\/td><td>90\u20ac<\/td><td><\/td><\/tr><tr><td>\u00c5rsavgift<\/td><td>60\u20ac<\/td><td><\/td><\/tr><tr><td>Familjemedlem<\/td><td>20\u20ac<\/td><td><\/td><\/tr><tr><td>Anslutningsavgift f\u00f6r Arvsk\u00e4r (eng\u00e5ngsavgift)<\/td><td>600\u20ac<\/td><td>140\u20ac rabatt i samband med anslutning till POK<\/td><\/tr><tr><td>Arvsk\u00e4r grundavgift<\/td><td>40\u20ac<\/td><td>\/\u00e5r<\/td><\/tr><tr><td>Arvsk\u00e4r bruksavgift<\/td><td>10\u20ac<\/td><td>\/dygn. Max 100\u20ac \/\u00e5r<\/td><\/tr><\/tbody><\/table><\/figure>\n\n\n\n<hr class=\"wp-block-separator alignwide has-text-color has-theme-palette-3-color has-alpha-channel-opacity has-theme-palette-3-background-color has-background is-style-wide\"\/>\n\n\n<form  class=\"kaliforms-form-container bootstrap-wrapper  \" data-form-id=\"49\" style=\"opacity:0\"><h3>Medlemsans\u00f6kningsblanketten<\/h3><div id=\"kaliforms-global-error-message-49\" class=\"global-error-message\"><\/div><div class=\"row kali-form-field-row\"><div class=\"col-12 col-md-12 \"><span  data-internal-id=\"freetext1\" type=\"freeText\" id=\"sokande-information\" name=\"freeText\">S\u00f6kande information<\/span><\/div><\/div><div class=\"row kali-form-field-row\"><div class=\"col-12 col-md-6 \"><label  for=\"first-name\">F\u00f6rnamn <span class=\"kali-required-mark\">*<\/span><\/label><input  data-internal-id=\"textbox2\" type=\"text\" id=\"first-name\" name=\"fornamn\" data-properties.type=\"text\" required ><\/div><div class=\"col-12 col-md-6 \"><label  for=\"last-name\">Efternamn <span class=\"kali-required-mark\">*<\/span><\/label><input  data-internal-id=\"textbox3\" type=\"text\" id=\"last-name\" name=\"efternamn\" data-properties.type=\"text\" required ><\/div><\/div><div class=\"row kali-form-field-row\"><div class=\"col-12 col-md-12 \"><label  for=\"date13\">F\u00f6delsedatum <span class=\"kali-required-mark\">*<\/span><\/label><input data-internal-id=\"date13\" type=\"date\" id=\"date13\" name=\"fodelsedatum\"required  class=\"input\"><\/div><\/div><div class=\"row kali-form-field-row\"><div class=\"col-12 col-md-12 \"><label  for=\"textbox8\">Adress <span class=\"kali-required-mark\">*<\/span><\/label><input  data-internal-id=\"textbox8\" type=\"text\" id=\"textbox8\" name=\"adress\" data-properties.type=\"text\" required ><\/div><\/div><div class=\"row kali-form-field-row\"><div class=\"col-12 col-md-12 \"><label  for=\"textbox89\">Postnummer <span class=\"kali-required-mark\">*<\/span><\/label><input  data-internal-id=\"textbox9\" type=\"text\" id=\"textbox89\" name=\"postnummer\" data-properties.type=\"text\" required ><\/div><\/div><div class=\"row kali-form-field-row\"><div class=\"col-12 col-md-12 \"><label  for=\"textbox8910\">Postdistrikt <span class=\"kali-required-mark\">*<\/span><\/label><input  data-internal-id=\"textbox10\" type=\"text\" id=\"textbox8910\" name=\"postdistrikt\" data-properties.type=\"text\" required ><\/div><\/div><div class=\"row kali-form-field-row\"><div class=\"col-12 col-md-12 \"><label  for=\"email7\">E-post <span class=\"kali-required-mark\">*<\/span><\/label><input  data-internal-id=\"email7\" type=\"email\" id=\"email7\" name=\"e-post\"required  class=\"input\"><\/div><\/div><div class=\"row kali-form-field-row\"><div class=\"col-12 col-md-12 \"><label  for=\"telephone11\">Telefonnummer <span class=\"kali-required-mark\">*<\/span><\/label><input  data-internal-id=\"telephone11\" type=\"tel\" id=\"telephone11\" name=\"telefonnummer\"required  data-format=\"free\"  class=\"input\"><\/div><\/div><div class=\"row kali-form-field-row\"><div class=\"col-12 col-md-12 \"><label class=\"radio-label\" style=\"margin-bottom:15px;display:inline-block\">Medlemsans\u00f6kan <span class=\"kali-required-mark\">*<\/span><\/label><label class=\"radio-label\"><input  data-internal-id=\"radio15\" type=\"radio\" id=\"radio150\" name=\"medlemsans\u00f6kan\" data-flow=\"vertical\" required  class=\"input\"  value=\"choice\">Full medlem<\/label><label class=\"radio-label\"><input  data-internal-id=\"radio15\" type=\"radio\" id=\"radio151\" name=\"medlemsans\u00f6kan\" data-flow=\"vertical\" required  class=\"input\"  value=\"choice\">En familjemedlem<\/label><label class=\"radio-label\"><input  data-internal-id=\"radio15\" type=\"radio\" id=\"radio152\" name=\"medlemsans\u00f6kan\" data-flow=\"vertical\" required  class=\"input\"  value=\"choice\">Arvsk\u00e4r medlemskap<\/label><\/div><\/div><div class=\"row kali-form-field-row\"><div class=\"col-12\"><hr \/><\/div><\/div><div class=\"row kali-form-field-row\"><div class=\"col-12 col-md-12 \"><span  data-internal-id=\"freetext14\" type=\"freeText\" id=\"B\u00e5tliv bakgrund\" name=\"batliv-bakgrund\"><\/span><\/div><\/div><div class=\"row kali-form-field-row\"><div class=\"col-12 col-md-12 \"><label class=\"checkbox-label\" style=\"margin-bottom:15px;display:inline-block\">Har du avlagt b\u00e5texamen?<\/label><label class=\"checkbox-label\"><input  data-internal-id=\"checkbox16\" type=\"checkbox\" id=\"checkbox160\" name=\"har-du-avlagt-batexamen\" data-flow=\"vertical\"  class=\"input\"  value=\"choice\"><\/label><\/div><\/div><div class=\"row kali-form-field-row\"><div class=\"col-12\"><hr \/><\/div><\/div><div class=\"row kali-form-field-row\"><div class=\"col-12 col-md-12 \"><span  data-internal-id=\"freetext18\" type=\"freeText\" id=\"B\u00e5tdetaljer\" name=\"batdetaljer\"><\/span><\/div><\/div><div class=\"row kali-form-field-row\"><div class=\"col-12 col-md-12 \"><label class=\"radio-label\" style=\"margin-bottom:15px;display:inline-block\">Typ av b\u00e5t<\/label><label class=\"radio-label\"><input  data-internal-id=\"radio19\" type=\"radio\" id=\"radio15190\" name=\"typ-av-bat\" data-flow=\"vertical\"  class=\"input\"  value=\"choice\">Segelb\u00e5t<\/label><label class=\"radio-label\"><input  data-internal-id=\"radio19\" type=\"radio\" id=\"radio15191\" name=\"typ-av-bat\" data-flow=\"vertical\"  class=\"input\"  value=\"choice\">Motorb\u00e5t<\/label><\/div><\/div><div class=\"row kali-form-field-row\"><div class=\"col-12 col-md-12 \"><label  for=\"textbox891020\">B\u00e5tm\u00e4rke\/modell<\/label><input  data-internal-id=\"textbox20\" type=\"text\" id=\"textbox891020\" name=\"batmarke\/modell\" data-properties.type=\"text\" ><\/div><\/div><div class=\"row kali-form-field-row\"><div class=\"col-12 col-md-12 \"><label  for=\"textbox89102021\">B\u00e5tens namn<\/label><input  data-internal-id=\"textbox21\" type=\"text\" id=\"textbox89102021\" name=\"batens namn\" data-properties.type=\"text\" ><\/div><\/div><div class=\"row kali-form-field-row\"><div class=\"col-12 col-md-12 \"><label  for=\"textbox8910202122\">\u00c5rsmodell<\/label><input  data-internal-id=\"textbox22\" type=\"text\" id=\"textbox8910202122\" name=\"arsmodell\" data-properties.type=\"text\" ><\/div><\/div><div class=\"row kali-form-field-row\"><div class=\"col-12 col-md-12 \"><label  for=\"textbox891020212223\">Hemhamn<\/label><input  data-internal-id=\"textbox23\" type=\"text\" id=\"textbox891020212223\" name=\"hemhamn\" data-properties.type=\"text\" ><\/div><\/div><div class=\"row kali-form-field-row\"><div class=\"col-12 col-md-12 \"><input  data-internal-id=\"submitbutton6\" type=\"submit\" id=\"submit\" data-style=\"default\"  class=\"input\" value=\"Skicka\" ><\/div><\/div><!-- This form was built using Kali Forms --><\/form>\n","protected":false},"excerpt":{"rendered":"<p>Ordinaire medlem: F\u00f6reeningens styrelse kan som ordinarie medlem godk\u00e4nna en person som har genomg\u00e5tt en examen godk\u00e4nd av Finlands Navigationsf\u00f6rbund eller en motsvarande examen eller har tillr\u00e4cklig och omfattande navigationskunskap. Familjemedlem: Skepparens familjemedlem kan ans\u00f6ka om familjemedlemskap eller om man vill underst\u00f6da f\u00f6reningens verksamhet. Av familjenmedlemmar debiteras inte anslutningsavgift. POK medlemsskapet omfattar b\u00e5tens besiktningsavgift, medlemskap&#8230;<\/p>\n","protected":false},"author":1,"featured_media":102,"parent":30,"menu_order":1,"comment_status":"closed","ping_status":"closed","template":"","meta":{"_kad_post_transparent":"","_kad_post_title":"","_kad_post_layout":"","_kad_post_sidebar_id":"","_kad_post_content_style":"","_kad_post_vertical_padding":"","_kad_post_feature":"","_kad_post_feature_position":"","_kad_post_header":false,"_kad_post_footer":false,"_kad_post_classname":"","footnotes":""},"class_list":["post-50","page","type-page","status-publish","has-post-thumbnail","hentry"],"_links":{"self":[{"href":"https:\/\/pokk.fi\/sv\/wp-json\/wp\/v2\/pages\/50","targetHints":{"allow":["GET"]}}],"collection":[{"href":"https:\/\/pokk.fi\/sv\/wp-json\/wp\/v2\/pages"}],"about":[{"href":"https:\/\/pokk.fi\/sv\/wp-json\/wp\/v2\/types\/page"}],"author":[{"embeddable":true,"href":"https:\/\/pokk.fi\/sv\/wp-json\/wp\/v2\/users\/1"}],"replies":[{"embeddable":true,"href":"https:\/\/pokk.fi\/sv\/wp-json\/wp\/v2\/comments?post=50"}],"version-history":[{"count":4,"href":"https:\/\/pokk.fi\/sv\/wp-json\/wp\/v2\/pages\/50\/revisions"}],"predecessor-version":[{"id":124,"href":"https:\/\/pokk.fi\/sv\/wp-json\/wp\/v2\/pages\/50\/revisions\/124"}],"up":[{"embeddable":true,"href":"https:\/\/pokk.fi\/sv\/wp-json\/wp\/v2\/pages\/30"}],"wp:featuredmedia":[{"embeddable":true,"href":"https:\/\/pokk.fi\/sv\/wp-json\/wp\/v2\/media\/102"}],"wp:attachment":[{"href":"https:\/\/pokk.fi\/sv\/wp-json\/wp\/v2\/media?parent=50"}],"curies":[{"name":"wp","href":"https:\/\/api.w.org\/{rel}","templated":true}]}}