{"id":52,"date":"2023-11-13T12:19:38","date_gmt":"2023-11-13T10:19:38","guid":{"rendered":"https:\/\/pokk.fi\/sv\/?page_id=52"},"modified":"2024-02-22T13:48:25","modified_gmt":"2024-02-22T11:48:25","slug":"administration","status":"publish","type":"page","link":"https:\/\/pokk.fi\/sv\/framsida\/administration\/","title":{"rendered":"Administration"},"content":{"rendered":"\n<h1 class=\"wp-block-heading\">Styrelse och funktion\u00e4rer:<\/h1>\n\n\n\n<figure class=\"wp-block-table\"><table><thead><tr><th>Styrelsen<\/th><th><\/th><th>Tel.<\/th><\/tr><\/thead><tbody><tr><td>Kommodor<\/td><td>Gustaf \u00c5berg<\/td><td>050 030 0599<\/td><\/tr><tr><td>Vicekommodor<\/td><td>Jussi Laako<\/td><td>050 486 0965<\/td><\/tr><tr><td>Skattm\u00e4stare<\/td><td>Johanna Helsk\u00e4<\/td><td><\/td><\/tr><tr><td>Sekreterare\/Medlemsregister<\/td><td>Minna Saranp\u00e4\u00e4<\/td><td><\/td><\/tr><tr><td>Styrelsemedlem<\/td><td>Carl Wahlberg<\/td><td><\/td><\/tr><tr><td>Styrelsemedlem<\/td><td>Crista \u00c5berg<\/td><td><\/td><\/tr><tr><td>Styrelsemedlem<\/td><td>Harri Rissanen<\/td><td>040 568 2329<\/td><\/tr><tr><td>Suppleant<\/td><td>Riku Rennicke<\/td><td><\/td><\/tr><tr><td>Suppleant<\/td><td>Antti Elonen<\/td><td><\/td><\/tr><\/tbody><\/table><\/figure>\n\n\n\n<figure class=\"wp-block-table\"><table><thead><tr><th>Funktion\u00e4rer<\/th><th><\/th><th>Tel.<\/th><\/tr><\/thead><tbody><tr><td>Arvsk\u00e4rs v\u00e4rd<\/td><td>Harri Rissanen<\/td><td>040 568 2329<\/td><\/tr><tr><td>B\u00e5tbesiktning<\/td><td>katsastus@pokk.fi<\/td><td><\/td><\/tr><tr><td>-Besiktningschef<\/td><td>Tapio Saranp\u00e4\u00e4<\/td><td>040 833 1934<\/td><\/tr><tr><td>-Besiktare<\/td><td>Philip \u00c5berg<\/td><td>040 861 0619<\/td><\/tr><tr><td>-Besiktare<\/td><td>Gustaf \u00c5berg<\/td><td>050 030 0599<\/td><\/tr><tr><td>-Besiktare<\/td><td>Petri M\u00e4kel\u00e4inen<\/td><td><\/td><\/tr><\/tbody><\/table><\/figure>\n","protected":false},"excerpt":{"rendered":"<p>Styrelse och funktion\u00e4rer: Styrelsen Tel. Kommodor Gustaf \u00c5berg 050 030 0599 Vicekommodor Jussi Laako 050 486 0965 Skattm\u00e4stare Johanna Helsk\u00e4 Sekreterare\/Medlemsregister Minna Saranp\u00e4\u00e4 Styrelsemedlem Carl Wahlberg Styrelsemedlem Crista \u00c5berg Styrelsemedlem Harri Rissanen 040 568 2329 Suppleant Riku Rennicke Suppleant Antti Elonen Funktion\u00e4rer Tel. Arvsk\u00e4rs v\u00e4rd Harri Rissanen 040 568 2329 B\u00e5tbesiktning katsastus@pokk.fi -Besiktningschef Tapio Saranp\u00e4\u00e4&#8230;<\/p>\n","protected":false},"author":1,"featured_media":112,"parent":30,"menu_order":3,"comment_status":"closed","ping_status":"closed","template":"","meta":{"_kad_post_transparent":"","_kad_post_title":"","_kad_post_layout":"","_kad_post_sidebar_id":"","_kad_post_content_style":"","_kad_post_vertical_padding":"","_kad_post_feature":"","_kad_post_feature_position":"","_kad_post_header":false,"_kad_post_footer":false,"_kad_post_classname":"","footnotes":""},"class_list":["post-52","page","type-page","status-publish","has-post-thumbnail","hentry"],"_links":{"self":[{"href":"https:\/\/pokk.fi\/sv\/wp-json\/wp\/v2\/pages\/52","targetHints":{"allow":["GET"]}}],"collection":[{"href":"https:\/\/pokk.fi\/sv\/wp-json\/wp\/v2\/pages"}],"about":[{"href":"https:\/\/pokk.fi\/sv\/wp-json\/wp\/v2\/types\/page"}],"author":[{"embeddable":true,"href":"https:\/\/pokk.fi\/sv\/wp-json\/wp\/v2\/users\/1"}],"replies":[{"embeddable":true,"href":"https:\/\/pokk.fi\/sv\/wp-json\/wp\/v2\/comments?post=52"}],"version-history":[{"count":5,"href":"https:\/\/pokk.fi\/sv\/wp-json\/wp\/v2\/pages\/52\/revisions"}],"predecessor-version":[{"id":133,"href":"https:\/\/pokk.fi\/sv\/wp-json\/wp\/v2\/pages\/52\/revisions\/133"}],"up":[{"embeddable":true,"href":"https:\/\/pokk.fi\/sv\/wp-json\/wp\/v2\/pages\/30"}],"wp:featuredmedia":[{"embeddable":true,"href":"https:\/\/pokk.fi\/sv\/wp-json\/wp\/v2\/media\/112"}],"wp:attachment":[{"href":"https:\/\/pokk.fi\/sv\/wp-json\/wp\/v2\/media?parent=52"}],"curies":[{"name":"wp","href":"https:\/\/api.w.org\/{rel}","templated":true}]}}