{"id":54,"date":"2023-11-13T12:20:19","date_gmt":"2023-11-13T10:20:19","guid":{"rendered":"https:\/\/pokk.fi\/sv\/?page_id=54"},"modified":"2023-11-15T15:44:17","modified_gmt":"2023-11-15T13:44:17","slug":"arvskar","status":"publish","type":"page","link":"https:\/\/pokk.fi\/sv\/framsida\/arvskar\/","title":{"rendered":"Arvsk\u00e4r"},"content":{"rendered":"\n<h1 class=\"wp-block-heading\">Arvsk\u00e4r \u00f6n plats<\/h1>\n\n\n\n<p class=\"has-medium-font-size\">Porkala Kryssarklubb rf har en etapphamn vid \u00f6n Arvsk\u00e4r i Ing\u00e5 sk\u00e4rg\u00e5rd. P\u00e5 Arvsk\u00e4r finns ett klubbhus, en vedeldad bastu, b\u00e5tbrygga samt badbrygga. Det \u00e4r l\u00e4tt att segla in till hamnen och den \u00e4r skyddad f\u00f6r vindar. Tomten som klubben \u00e4ger \u00e4r ca 4.000 m2.<\/p>\n\n\n\n<p class=\"has-medium-font-size\">Bryggan \u00e4r stor, stadig och i gott skick. Man kan ang\u00f6ra \u00e4ven med en st\u00f6rre b\u00e5t. Det finns fem bojar. Om bojplatserna \u00e4r upptagna kan man ankrasnett mot bryggan vid bryggans nordsida. Att ankra vinkelr\u00e4tt mot bryggan \u00e4r inte att rekommendera; bottnen \u00e4r sluttande klippbotten som ankaret inte f\u00e4ster bra p\u00e5. P\u00e5 bryggan finns landstr\u00f6m.<\/p>\n\n\n\n<p class=\"has-medium-font-size\">F\u00f6reningen f\u00f6rnyade alla fem bojankaren inklusive k\u00e4ttingar f\u00f6rsommaren 2007. En av bojarna byttes ocks\u00e5 ut. P\u00e5 samma g\u00e5ng flyttades bojarna n\u00e5gra meter l\u00e4ngre ut. Nu kan ocks\u00e5 l\u00e4ngre segelb\u00e5tar f\u00f6rt\u00f6jas utan att bojen kommer f\u00f6r n\u00e4ra aktern. Bojarna i vardera \u00e4ndan har tyngder som v\u00e4ger 1200 kg. De mellanliggande borjarna har tyngder p\u00e5 800 kg.<\/p>\n\n\n\n<p class=\"has-medium-font-size\">I klubbhuseet finns ett matutrymme, k\u00f6k med gasspis, el samt television. F\u00f6r tempor\u00e4r \u00f6vernattning st\u00e5r tv\u00e5 s\u00e4ngar till f\u00f6rfogande. P\u00e5 terrassen finns en gasgrill.<\/p>\n\n\n\n<p class=\"has-medium-font-size\">Bastun \u00e4r vedeldad. Sommaren 2008 tillkom en borrbrunn med elektrisk pump, som f\u00f6rser bastun med vatten.<\/p>\n\n\n\n<h1 class=\"wp-block-heading\">Position<\/h1>\n\n\n\n<p>59\u00b0 55,40&#8242; N<br>23\u00b0 54,25&#8242; E<\/p>\n\n\n\n<div class=\"wp-block-buttons is-layout-flex wp-block-buttons-is-layout-flex\">\n<div class=\"wp-block-button\"><a class=\"wp-block-button__link wp-element-button\" href=\"https:\/\/www.google.fi\/maps\/place\/59\u00b055'24.8&quot;N+23\u00b054'03.2&quot;E\/@59.92356,23.900875,17z\/data=!3m1!4b1!4m4!3m3!8m2!3d59.92356!4d23.900875?entry=ttu\" target=\"_blank\" rel=\"noreferrer noopener\">Google Maps<\/a><\/div>\n<\/div>\n","protected":false},"excerpt":{"rendered":"<p>Arvsk\u00e4r \u00f6n plats Porkala Kryssarklubb rf har en etapphamn vid \u00f6n Arvsk\u00e4r i Ing\u00e5 sk\u00e4rg\u00e5rd. P\u00e5 Arvsk\u00e4r finns ett klubbhus, en vedeldad bastu, b\u00e5tbrygga samt badbrygga. Det \u00e4r l\u00e4tt att segla in till hamnen och den \u00e4r skyddad f\u00f6r vindar. Tomten som klubben \u00e4ger \u00e4r ca 4.000 m2. Bryggan \u00e4r stor, stadig och i gott&#8230;<\/p>\n","protected":false},"author":1,"featured_media":92,"parent":30,"menu_order":4,"comment_status":"closed","ping_status":"closed","template":"","meta":{"_kad_post_transparent":"","_kad_post_title":"","_kad_post_layout":"","_kad_post_sidebar_id":"","_kad_post_content_style":"","_kad_post_vertical_padding":"","_kad_post_feature":"","_kad_post_feature_position":"","_kad_post_header":false,"_kad_post_footer":false,"_kad_post_classname":"","footnotes":""},"class_list":["post-54","page","type-page","status-publish","has-post-thumbnail","hentry"],"_links":{"self":[{"href":"https:\/\/pokk.fi\/sv\/wp-json\/wp\/v2\/pages\/54","targetHints":{"allow":["GET"]}}],"collection":[{"href":"https:\/\/pokk.fi\/sv\/wp-json\/wp\/v2\/pages"}],"about":[{"href":"https:\/\/pokk.fi\/sv\/wp-json\/wp\/v2\/types\/page"}],"author":[{"embeddable":true,"href":"https:\/\/pokk.fi\/sv\/wp-json\/wp\/v2\/users\/1"}],"replies":[{"embeddable":true,"href":"https:\/\/pokk.fi\/sv\/wp-json\/wp\/v2\/comments?post=54"}],"version-history":[{"count":3,"href":"https:\/\/pokk.fi\/sv\/wp-json\/wp\/v2\/pages\/54\/revisions"}],"predecessor-version":[{"id":91,"href":"https:\/\/pokk.fi\/sv\/wp-json\/wp\/v2\/pages\/54\/revisions\/91"}],"up":[{"embeddable":true,"href":"https:\/\/pokk.fi\/sv\/wp-json\/wp\/v2\/pages\/30"}],"wp:featuredmedia":[{"embeddable":true,"href":"https:\/\/pokk.fi\/sv\/wp-json\/wp\/v2\/media\/92"}],"wp:attachment":[{"href":"https:\/\/pokk.fi\/sv\/wp-json\/wp\/v2\/media?parent=54"}],"curies":[{"name":"wp","href":"https:\/\/api.w.org\/{rel}","templated":true}]}}