{"id":56,"date":"2023-11-13T12:20:57","date_gmt":"2023-11-13T10:20:57","guid":{"rendered":"https:\/\/pokk.fi\/sv\/?page_id=56"},"modified":"2025-11-02T15:54:28","modified_gmt":"2025-11-02T13:54:28","slug":"ta-kontakt","status":"publish","type":"page","link":"https:\/\/pokk.fi\/sv\/framsida\/ta-kontakt\/","title":{"rendered":"Ta kontakt"},"content":{"rendered":"\n<p>E-post: toimisto@pokk.fi<\/p>\n\n\n\n<p class=\"has-medium-font-size\">E-posten skickas vidare till styrelsen<\/p>\n\n\n\n<p>Kommodoren:<br>Gustaf \u00c5berg<br>050 030 0599<\/p>\n\n\n\n<p>Vicekommodor:<br>Jussi Laako<br>050 486 0965<\/p>\n\n\n\n<p>Sekreterare:<br>Minna Saranp\u00e4\u00e4<\/p>\n\n\n\n<p>Du kan kontakt POK ocks\u00e5 med blanketten under:<\/p>\n\n\n\n<hr class=\"wp-block-separator alignwide has-text-color has-theme-palette-3-color has-alpha-channel-opacity has-theme-palette-3-background-color has-background is-style-wide\"\/>\n\n\n<form  class=\"kaliforms-form-container bootstrap-wrapper  \" data-form-id=\"108\" style=\"opacity:0\"><h3>Kontaktblankett<\/h3><div id=\"kaliforms-global-error-message-108\" class=\"global-error-message\"><\/div><div class=\"row kali-form-field-row\"><div class=\"col-12 col-md-12 \"><span  data-internal-id=\"freetext1\" type=\"freeText\" id=\"kontaktblankett\" name=\"freeText\">Kontaktblankett<\/span><\/div><\/div><div class=\"row kali-form-field-row\"><div class=\"col-12 col-md-6 \"><label  for=\"first-name\">F\u00f6rnamn <span class=\"kali-required-mark\">*<\/span><\/label><input  data-internal-id=\"textbox2\" type=\"text\" id=\"first-name\" name=\"fornamn\" data-properties.type=\"text\" required ><\/div><div class=\"col-12 col-md-6 \"><label  for=\"last-name\">Efternamn <span class=\"kali-required-mark\">*<\/span><\/label><input  data-internal-id=\"textbox3\" type=\"text\" id=\"last-name\" name=\"efternamn\" data-properties.type=\"text\" required ><\/div><\/div><div class=\"row kali-form-field-row\"><div class=\"col-12 col-md-12 \"><label  for=\"email\">E-post <span class=\"kali-required-mark\">*<\/span><\/label><input  data-internal-id=\"textbox4\" type=\"text\" id=\"email\" name=\"e-post\" data-properties.type=\"text\" required ><\/div><\/div><div class=\"row kali-form-field-row\"><div class=\"col-12 col-md-12 \"><label  for=\"telephone7\">Telefon<\/label><input  data-internal-id=\"telephone7\" type=\"tel\" id=\"telephone7\" name=\"telefon\" data-format=\"free\"  class=\"input\"><\/div><\/div><div class=\"row kali-form-field-row\"><div class=\"col-12 col-md-12 \"><label  for=\"message\">Meddelande <span class=\"kali-required-mark\">*<\/span><\/label><textarea  data-internal-id=\"textarea5\" type=\"textarea\" id=\"message\" name=\"meddelande\"required  rows=\"20\" class=\"input\"><\/textarea><\/div><\/div><div class=\"row kali-form-field-row\"><div class=\"col-12 col-md-12 \"><input  data-internal-id=\"submitbutton6\" type=\"submit\" id=\"submit\" data-style=\"default\"  class=\"input\" value=\"Skicka\" ><\/div><\/div><!-- This form was built using Kali Forms --><\/form>\n","protected":false},"excerpt":{"rendered":"<p>E-post: toimisto@pokk.fi E-posten skickas vidare till styrelsen Kommodoren:Gustaf \u00c5berg050 030 0599 Vicekommodor:Jussi Laako050 486 0965 Sekreterare:Minna Saranp\u00e4\u00e4 Du kan kontakt POK ocks\u00e5 med blanketten under:<\/p>\n","protected":false},"author":1,"featured_media":114,"parent":30,"menu_order":5,"comment_status":"closed","ping_status":"closed","template":"","meta":{"_kad_post_transparent":"","_kad_post_title":"","_kad_post_layout":"","_kad_post_sidebar_id":"","_kad_post_content_style":"","_kad_post_vertical_padding":"","_kad_post_feature":"","_kad_post_feature_position":"","_kad_post_header":false,"_kad_post_footer":false,"_kad_post_classname":"","footnotes":""},"class_list":["post-56","page","type-page","status-publish","has-post-thumbnail","hentry"],"_links":{"self":[{"href":"https:\/\/pokk.fi\/sv\/wp-json\/wp\/v2\/pages\/56","targetHints":{"allow":["GET"]}}],"collection":[{"href":"https:\/\/pokk.fi\/sv\/wp-json\/wp\/v2\/pages"}],"about":[{"href":"https:\/\/pokk.fi\/sv\/wp-json\/wp\/v2\/types\/page"}],"author":[{"embeddable":true,"href":"https:\/\/pokk.fi\/sv\/wp-json\/wp\/v2\/users\/1"}],"replies":[{"embeddable":true,"href":"https:\/\/pokk.fi\/sv\/wp-json\/wp\/v2\/comments?post=56"}],"version-history":[{"count":8,"href":"https:\/\/pokk.fi\/sv\/wp-json\/wp\/v2\/pages\/56\/revisions"}],"predecessor-version":[{"id":167,"href":"https:\/\/pokk.fi\/sv\/wp-json\/wp\/v2\/pages\/56\/revisions\/167"}],"up":[{"embeddable":true,"href":"https:\/\/pokk.fi\/sv\/wp-json\/wp\/v2\/pages\/30"}],"wp:featuredmedia":[{"embeddable":true,"href":"https:\/\/pokk.fi\/sv\/wp-json\/wp\/v2\/media\/114"}],"wp:attachment":[{"href":"https:\/\/pokk.fi\/sv\/wp-json\/wp\/v2\/media?parent=56"}],"curies":[{"name":"wp","href":"https:\/\/api.w.org\/{rel}","templated":true}]}}